{"id":709,"date":"2024-01-24T18:23:43","date_gmt":"2024-01-24T17:23:43","guid":{"rendered":"https:\/\/www.aspsourcing.com\/solicitud-de-soporte\/"},"modified":"2024-03-15T16:28:13","modified_gmt":"2024-03-15T15:28:13","slug":"solicitud-de-soporte","status":"publish","type":"page","link":"https:\/\/www.aspsourcing.com\/es\/solicitud-de-soporte\/","title":{"rendered":"Solicitud de soporte"},"content":{"rendered":"\t\t<div data-elementor-type=\"wp-page\" data-elementor-id=\"709\" class=\"elementor elementor-709 elementor-25\" data-elementor-post-type=\"page\">\n\t\t\t\t<div class=\"elementor-element elementor-element-4dabda69 e-flex e-con-boxed e-con e-parent\" data-id=\"4dabda69\" data-element_type=\"container\" data-e-type=\"container\" data-settings=\"{&quot;background_background&quot;:&quot;classic&quot;}\">\n\t\t\t\t\t<div class=\"e-con-inner\">\n\t\t<div class=\"elementor-element elementor-element-3cd629b0 e-con-full e-flex e-con e-child\" data-id=\"3cd629b0\" data-element_type=\"container\" data-e-type=\"container\">\n\t\t\t\t<div class=\"elementor-element elementor-element-8e27fbf elementor-widget elementor-widget-heading\" data-id=\"8e27fbf\" data-element_type=\"widget\" data-e-type=\"widget\" data-widget_type=\"heading.default\">\n\t\t\t\t<div class=\"elementor-widget-container\">\n\t\t\t\t\t<h1 class=\"elementor-heading-title elementor-size-default\">Soporte<\/h1>\t\t\t\t<\/div>\n\t\t\t\t<\/div>\n\t\t\t\t<\/div>\n\t\t<div class=\"elementor-element elementor-element-2ee9134b e-con-full e-flex e-con e-child\" data-id=\"2ee9134b\" data-element_type=\"container\" data-e-type=\"container\">\n\t\t\t\t<\/div>\n\t\t\t\t\t<\/div>\n\t\t\t\t<\/div>\n\t\t<div class=\"elementor-element elementor-element-441ae219 e-flex e-con-boxed e-con e-parent\" data-id=\"441ae219\" data-element_type=\"container\" data-e-type=\"container\">\n\t\t\t\t\t<div class=\"e-con-inner\">\n\t\t<div class=\"elementor-element elementor-element-2e6e11af e-con-full e-flex e-con e-child\" data-id=\"2e6e11af\" data-element_type=\"container\" data-e-type=\"container\">\n\t\t\t\t<div class=\"elementor-element elementor-element-1fff3857 elementor-widget-divider--view-line elementor-widget elementor-widget-divider\" data-id=\"1fff3857\" data-element_type=\"widget\" data-e-type=\"widget\" data-widget_type=\"divider.default\">\n\t\t\t\t<div class=\"elementor-widget-container\">\n\t\t\t\t\t\t\t<div class=\"elementor-divider\">\n\t\t\t<span class=\"elementor-divider-separator\">\n\t\t\t\t\t\t<\/span>\n\t\t<\/div>\n\t\t\t\t\t\t<\/div>\n\t\t\t\t<\/div>\n\t\t\t\t<div class=\"elementor-element elementor-element-310d10e4 elementor-widget elementor-widget-heading\" data-id=\"310d10e4\" data-element_type=\"widget\" data-e-type=\"widget\" data-widget_type=\"heading.default\">\n\t\t\t\t<div class=\"elementor-widget-container\">\n\t\t\t\t\t<h2 class=\"elementor-heading-title elementor-size-default\">Solicitud de soporte t\u00e9cnico<\/h2>\t\t\t\t<\/div>\n\t\t\t\t<\/div>\n\t\t\t\t<\/div>\n\t\t<div class=\"elementor-element elementor-element-484a581e e-con-full e-flex e-con e-child\" data-id=\"484a581e\" data-element_type=\"container\" data-e-type=\"container\">\n\t\t\t\t<div class=\"elementor-element elementor-element-70c20dfe elementor-widget elementor-widget-text-editor\" data-id=\"70c20dfe\" data-element_type=\"widget\" data-e-type=\"widget\" data-widget_type=\"text-editor.default\">\n\t\t\t\t<div class=\"elementor-widget-container\">\n\t\t\t\t\t\t\t\t\t<p>Para poder dirigir su solicitud de soporte lo m\u00e1s r\u00e1pido posible, complete todos los campos del formulario con todos los detalles posibles.<\/p>\n\t\t\t\t\t\t\t\t<\/div>\n\t\t\t\t<\/div>\n\t\t\t\t<div class=\"elementor-element elementor-element-7e86ca67 elementor-widget elementor-widget-shortcode\" data-id=\"7e86ca67\" data-element_type=\"widget\" data-e-type=\"widget\" data-widget_type=\"shortcode.default\">\n\t\t\t\t<div class=\"elementor-widget-container\">\n\t\t\t\t\t\t\t<div class=\"elementor-shortcode\"><div class=\"frm_forms  with_frm_style frm_style_estilos-formidable\" id=\"frm_form_3_container\" data-token=\"8e1a9b5a0a5ce961649e4fba1d15e504\">\n<form enctype=\"multipart\/form-data\" method=\"post\" class=\"frm-show-form  frm_pro_form \" id=\"form_supportfr\" data-token=\"8e1a9b5a0a5ce961649e4fba1d15e504\">\n<div class=\"frm_form_fields \">\n<fieldset>\n<legend class=\"frm_screen_reader\">Apoyo<\/legend>\r\n\r\n<div class=\"frm_fields_container\">\n<input type=\"hidden\" name=\"frm_action\" value=\"create\" \/>\n<input type=\"hidden\" name=\"form_id\" value=\"3\" \/>\n<input type=\"hidden\" name=\"frm_hide_fields_3\" id=\"frm_hide_fields_3\" value=\"\" \/>\n<input type=\"hidden\" name=\"form_key\" value=\"supportfr\" \/>\n<input type=\"hidden\" name=\"item_meta[0]\" value=\"\" \/>\n<input type=\"hidden\" id=\"frm_submit_entry_3\" name=\"frm_submit_entry_3\" value=\"21a3602784\" \/><input type=\"hidden\" name=\"_wp_http_referer\" value=\"\/es\/wp-json\/wp\/v2\/pages\/709\" \/><div id=\"frm_field_16_container\" class=\"frm_form_field form-field  frm_required_field frm_top_container frm6 frm_first\">\r\n    <label for=\"field_bq0r\" id=\"field_bq0r_label\" class=\"frm_primary_label\">Apellido\r\n        <span class=\"frm_required\" aria-hidden=\"true\">*<\/span>\r\n    <\/label>\r\n    <input  type=\"text\" id=\"field_bq0r\" name=\"item_meta[16]\" value=\"\"  data-reqmsg=\"Este campo no puede estar vac\u00edo.\" aria-required=\"true\" data-invmsg=\" Texto no es v\u00e1lido \" aria-invalid=\"false\"   \/>\r\n    \r\n    \r\n<\/div>\n<div id=\"frm_field_17_container\" class=\"frm_form_field form-field  frm_top_container frm6\">\r\n    <label for=\"field_u655c2\" id=\"field_u655c2_label\" class=\"frm_primary_label\">Nombre\r\n        <span class=\"frm_required\" aria-hidden=\"true\"><\/span>\r\n    <\/label>\r\n    <input  type=\"text\" id=\"field_u655c2\" name=\"item_meta[17]\" value=\"\"  data-invmsg=\" Texto no es v\u00e1lido \" aria-invalid=\"false\"   \/>\r\n    \r\n    \r\n<\/div>\n<div id=\"frm_field_27_container\" class=\"frm_form_field form-field  frm_required_field frm_top_container frm6 frm_first\">\r\n    <label for=\"field_sep1a\" id=\"field_sep1a_label\" class=\"frm_primary_label\">Compa\u00f1\u00eda\r\n        <span class=\"frm_required\" aria-hidden=\"true\">*<\/span>\r\n    <\/label>\r\n    <input  type=\"text\" id=\"field_sep1a\" name=\"item_meta[27]\" value=\"\"  data-reqmsg=\"Ce champ ne peut \u00eatre vide.\" aria-required=\"true\" data-invmsg=\" Texto no es v\u00e1lido \" aria-invalid=\"false\"   \/>\r\n    \r\n    \r\n<\/div>\n<div id=\"frm_field_21_container\" class=\"frm_form_field form-field  frm_required_field frm_top_container frm6\">\r\n    <label for=\"field_lxp4i2\" id=\"field_lxp4i2_label\" class=\"frm_primary_label\">Correo electr\u00f3nico\r\n        <span class=\"frm_required\" aria-hidden=\"true\">*<\/span>\r\n    <\/label>\r\n    <input type=\"email\" id=\"field_lxp4i2\" name=\"item_meta[21]\" value=\"\"  autocomplete=\"email\"  data-reqmsg=\"Este campo no puede estar vac\u00edo.\" aria-required=\"true\" data-invmsg=\"Correo electr\u00f3nico no es v\u00e1lido \" aria-invalid=\"false\"  \/>\r\n    \r\n    \r\n<\/div>\n<div id=\"frm_field_20_container\" class=\"frm_form_field form-field  frm_required_field frm_top_container frm6 frm_first\">\r\n    <label for=\"field_qaci62\" id=\"field_qaci62_label\" class=\"frm_primary_label\">Tel\u00e9fono fijo\r\n        <span class=\"frm_required\" aria-hidden=\"true\">*<\/span>\r\n    <\/label>\r\n    <input type=\"tel\" id=\"field_qaci62\" name=\"item_meta[20]\" value=\"\"  data-reqmsg=\"Este campo no puede estar vac\u00edo.\" aria-required=\"true\" data-invmsg=\"El tel\u00e9fono no es v\u00e1lido\" aria-invalid=\"false\" pattern=\"((\\+\\d{1,3}(-|.| )?\\(?\\d\\)?(-| |.)?\\d{1,5})|(\\(?\\d{2,6}\\)?))(-|.| )?(\\d{3,4})(-|.| )?(\\d{4})(( x| ext)\\d{1,5}){0,1}$\"  \/>\r\n    \r\n    \r\n<\/div>\n<div id=\"frm_field_26_container\" class=\"frm_form_field form-field  frm_top_container frm6\">\r\n    <label for=\"field_9kkny\" id=\"field_9kkny_label\" class=\"frm_primary_label\">Tel\u00e9fono m\u00f3vil\r\n        <span class=\"frm_required\" aria-hidden=\"true\"><\/span>\r\n    <\/label>\r\n    <input type=\"tel\" id=\"field_9kkny\" name=\"item_meta[26]\" value=\"\"  data-invmsg=\"El tel\u00e9fono no es v\u00e1lido\" aria-invalid=\"false\" pattern=\"((\\+\\d{1,3}(-|.| )?\\(?\\d\\)?(-| |.)?\\d{1,5})|(\\(?\\d{2,6}\\)?))(-|.| )?(\\d{3,4})(-|.| )?(\\d{4})(( x| ext)\\d{1,5}){0,1}$\"  \/>\r\n    \r\n    \r\n<\/div>\n<div id=\"frm_field_23_container\" class=\"frm_form_field form-field  frm_top_container\">\r\n    <label for=\"field_uybgg2\" id=\"field_uybgg2_label\" class=\"frm_primary_label\">Producto en cuesti\u00f3n\r\n        <span class=\"frm_required\" aria-hidden=\"true\"><\/span>\r\n    <\/label>\r\n    \t\t<select name=\"item_meta[23]\" id=\"field_uybgg2\"  data-invmsg=\"Producto en cuesti\u00f3n no es v\u00e1lido\" aria-invalid=\"false\"  >\n\t\t<option  value=\"\" selected='selected'> <\/option><option  value=\"H\u00e9bergement\">Alojamiento<\/option><option  value=\"RSA SecurID\"> RSA SecurID <\/option><option  value=\"Citrix XenApp\">Citrix XenApp <\/option><option  value=\"Widows Server\"> Widows Server <\/option><option  value=\"Lotus Domino\"> Lotus Domino<\/option><option  value=\"Symantec\">Symantec<\/option><option  value=\"CheckPoint\">CheckPoint<\/option><option  value=\"Services\">Servicios<\/option><option  value=\"Autre ...\">Otro...<\/option>\t<\/select>\n\t\r\n    \r\n    \r\n<\/div>\n<div id=\"frm_field_28_container\" class=\"frm_form_field form-field  frm_top_container\">\r\n    <label for=\"field_dz2o6\" id=\"field_dz2o6_label\" class=\"frm_primary_label\">Nivel de criticidad\r\n        <span class=\"frm_required\" aria-hidden=\"true\"><\/span>\r\n    <\/label>\r\n    \t\t<select name=\"item_meta[28]\" id=\"field_dz2o6\"  data-invmsg=\"Nivel de criticidad no es v\u00e1lido\" aria-invalid=\"false\"  >\n\t\t<option  value=\"\" selected='selected'> <\/option><option  value=\"Haute\">Alto<\/option><option  value=\"Normale\">Normal<\/option><option  value=\"Basse\">Bajo<\/option>\t<\/select>\n\t\r\n    \r\n    \r\n<\/div>\n<div id=\"frm_field_24_container\" class=\"frm_form_field form-field  frm_required_field frm_top_container\">\r\n    <label for=\"field_renrr2\" id=\"field_renrr2_label\" class=\"frm_primary_label\">Descripci\u00f3n del incidente\r\n        <span class=\"frm_required\" aria-hidden=\"true\">*<\/span>\r\n    <\/label>\r\n    <textarea name=\"item_meta[24]\" id=\"field_renrr2\" rows=\"5\"  data-reqmsg=\"Este campo no puede estar vac\u00edo.\" aria-required=\"true\" data-invmsg=\"El p\u00e1rrafo no es v\u00e1lido.\" aria-invalid=\"false\"  ><\/textarea>\r\n    \r\n    \r\n<\/div>\n<div id=\"frm_field_25_container\" class=\"frm_form_field form-field  frm_required_field frm_top_container vertical_radio\">\r\n    <div  id=\"field_j6d0k2_label\" class=\"frm_primary_label\">\r\n        <span class=\"frm_required\" aria-hidden=\"true\"><\/span>\r\n    <\/div>\r\n    <div class=\"frm_opt_container\" aria-labelledby=\"field_j6d0k2_label\" role=\"group\">\t\t<div class=\"frm_checkbox\" id=\"frm_checkbox_25-0\">\t\t\t<label  for=\"field_j6d0k2-0\">\n\t\t\t<input type=\"checkbox\" name=\"item_meta[25][]\" id=\"field_j6d0k2-0\" value=\"L&#039;utilisation de ce formulaire est soumise aux conditions de notre &lt;a href=&quot;https:\/\/www.aspsourcing.com\/politique-de-confidentialite\/&quot; target=&quot;_blank&quot;&gt;politique de confidentialit\u00e9&lt;\/a&gt;.\"  data-reqmsg=\"Este campo no puede estar vac\u00edo.\" data-invmsg=\"Este campo no es v\u00e1lido\"   aria-required=\"true\"  \/> El uso de este formulario est\u00e1 sujeto a los t\u00e9rminos de nuestra <a href=\"https:\/\/www.aspsourcing.com\/es\/politica-de-privacidad\/\" target=\"_blank\">pol\u00edtica de privacidad<\/a>.<\/label><\/div>\n<\/div>\r\n    \r\n    \r\n<\/div>\n<div id=\"frm_field_30_container\" class=\"frm_form_field form-field  frm_none_container\">\r\n    <label for=\"g-recaptcha-response\" id=\"field_e0o9p_label\" class=\"frm_primary_label\">Captcha\r\n        <span class=\"frm_required\" aria-hidden=\"true\"><\/span>\r\n    <\/label>\r\n    <div  id=\"field_e0o9p\" class=\"frm-g-recaptcha\" data-sitekey=\"6LdVBIEpAAAAAIbEXqKP6Q-jN0-Ox7YspD8bk4dF\" data-size=\"normal\" data-theme=\"light\"><\/div>\r\n    \r\n    \r\n<\/div>\n\t<input type=\"hidden\" name=\"item_key\" value=\"\" \/>\n\t\t\t<div id=\"frm_field_32_container\">\n\t\t\t<label for=\"field_76xwn\" >\n\t\t\t\tSi eres humano, deja este campo en blanco.\t\t\t<\/label>\n\t\t\t<input  id=\"field_76xwn\" type=\"text\" class=\"frm_form_field form-field frm_verify\" name=\"item_meta[32]\" value=\"\"  \/>\n\t\t<\/div>\n\t\t<input name=\"frm_state\" type=\"hidden\" value=\"uZBCbo4h6UtrxMdLZgfA86IHyYTQjGMp1stMEWIPaOL5yswD471DlJdDYAgArXOK\" \/><div class=\"frm_submit frm_flex\">\r\n<button class=\"frm_button_submit frm_final_submit\" type=\"submit\"   formnovalidate=\"formnovalidate\">Enviar<\/button>\r\n\r\n\r\n\r\n<\/div><\/div>\n<\/fieldset>\n<\/div>\n\n<p style=\"display: none !important;\" class=\"akismet-fields-container\" data-prefix=\"ak_\"><label>&#916;<textarea name=\"ak_hp_textarea\" cols=\"45\" rows=\"8\" maxlength=\"100\"><\/textarea><\/label><input type=\"hidden\" id=\"ak_js_1\" name=\"ak_js\" value=\"105\"\/><script>\ndocument.getElementById( \"ak_js_1\" ).setAttribute( \"value\", ( new Date() ).getTime() );\n<\/script>\n<\/p><\/form>\n<\/div>\n<\/div>\n\t\t\t\t\t\t<\/div>\n\t\t\t\t<\/div>\n\t\t\t\t<\/div>\n\t\t\t\t\t<\/div>\n\t\t\t\t<\/div>\n\t\t\t\t<\/div>\n\t\t","protected":false},"excerpt":{"rendered":"<p>Soporte Solicitud de soporte t\u00e9cnico Para poder dirigir su solicitud de soporte lo m\u00e1s r\u00e1pido posible, complete todos los campos del formulario con todos los detalles posibles.<\/p>\n","protected":false},"author":1,"featured_media":0,"parent":0,"menu_order":0,"comment_status":"closed","ping_status":"closed","template":"elementor_header_footer","meta":{"footnotes":""},"class_list":["post-709","page","type-page","status-publish","hentry"],"yoast_head":"<!-- This site is optimized with the Yoast SEO plugin v27.5 - https:\/\/yoast.com\/product\/yoast-seo-wordpress\/ -->\n<title>Solicitud de soporte - ASP Sourcing - Acc\u00e9dez \u00e0 vos applications en mode ASP<\/title>\n<meta name=\"description\" content=\"Por favor complete todos los campos del formulario, proporcionando todos los detalles posibles.\" \/>\n<meta name=\"robots\" content=\"index, follow, max-snippet:-1, max-image-preview:large, max-video-preview:-1\" \/>\n<link rel=\"canonical\" href=\"https:\/\/www.aspsourcing.com\/es\/solicitud-de-soporte\/\" \/>\n<meta property=\"og:locale\" content=\"es_ES\" \/>\n<meta property=\"og:type\" content=\"article\" \/>\n<meta property=\"og:title\" content=\"Solicitud de soporte - ASP Sourcing - Acc\u00e9dez \u00e0 vos applications en mode ASP\" \/>\n<meta property=\"og:description\" content=\"Por favor complete todos los campos del formulario, proporcionando todos los detalles posibles.\" \/>\n<meta property=\"og:url\" content=\"https:\/\/www.aspsourcing.com\/es\/solicitud-de-soporte\/\" \/>\n<meta property=\"og:site_name\" content=\"ASP Sourcing - Acc\u00e9dez \u00e0 vos applications en mode ASP\" \/>\n<meta property=\"article:modified_time\" content=\"2024-03-15T15:28:13+00:00\" \/>\n<meta property=\"og:image\" content=\"https:\/\/www.aspsourcing.com\/wp-content\/uploads\/2024\/01\/asp-sourcing-logo.png\" \/>\n\t<meta property=\"og:image:width\" content=\"500\" \/>\n\t<meta property=\"og:image:height\" content=\"81\" \/>\n\t<meta property=\"og:image:type\" content=\"image\/png\" \/>\n<meta name=\"twitter:card\" content=\"summary_large_image\" \/>\n<script type=\"application\/ld+json\" class=\"yoast-schema-graph\">{\"@context\":\"https:\\\/\\\/schema.org\",\"@graph\":[{\"@type\":\"WebPage\",\"@id\":\"https:\\\/\\\/www.aspsourcing.com\\\/es\\\/solicitud-de-soporte\\\/\",\"url\":\"https:\\\/\\\/www.aspsourcing.com\\\/es\\\/solicitud-de-soporte\\\/\",\"name\":\"Solicitud de soporte - ASP Sourcing - Acc\u00e9dez \u00e0 vos applications en mode ASP\",\"isPartOf\":{\"@id\":\"https:\\\/\\\/www.aspsourcing.com\\\/es\\\/#website\"},\"datePublished\":\"2024-01-24T17:23:43+00:00\",\"dateModified\":\"2024-03-15T15:28:13+00:00\",\"description\":\"Por favor complete todos los campos del formulario, proporcionando todos los detalles posibles.\",\"breadcrumb\":{\"@id\":\"https:\\\/\\\/www.aspsourcing.com\\\/es\\\/solicitud-de-soporte\\\/#breadcrumb\"},\"inLanguage\":\"es\",\"potentialAction\":[{\"@type\":\"ReadAction\",\"target\":[\"https:\\\/\\\/www.aspsourcing.com\\\/es\\\/solicitud-de-soporte\\\/\"]}]},{\"@type\":\"BreadcrumbList\",\"@id\":\"https:\\\/\\\/www.aspsourcing.com\\\/es\\\/solicitud-de-soporte\\\/#breadcrumb\",\"itemListElement\":[{\"@type\":\"ListItem\",\"position\":1,\"name\":\"Portada\",\"item\":\"https:\\\/\\\/www.aspsourcing.com\\\/es\\\/home\\\/\"},{\"@type\":\"ListItem\",\"position\":2,\"name\":\"Solicitud de soporte\"}]},{\"@type\":\"WebSite\",\"@id\":\"https:\\\/\\\/www.aspsourcing.com\\\/es\\\/#website\",\"url\":\"https:\\\/\\\/www.aspsourcing.com\\\/es\\\/\",\"name\":\"ASP Sourcing - Acc\u00e9dez \u00e0 vos applications en mode ASP\",\"description\":\"\",\"potentialAction\":[{\"@type\":\"SearchAction\",\"target\":{\"@type\":\"EntryPoint\",\"urlTemplate\":\"https:\\\/\\\/www.aspsourcing.com\\\/es\\\/?s={search_term_string}\"},\"query-input\":{\"@type\":\"PropertyValueSpecification\",\"valueRequired\":true,\"valueName\":\"search_term_string\"}}],\"inLanguage\":\"es\"}]}<\/script>\n<!-- \/ Yoast SEO plugin. -->","yoast_head_json":{"title":"Solicitud de soporte - ASP Sourcing - Acc\u00e9dez \u00e0 vos applications en mode ASP","description":"Por favor complete todos los campos del formulario, proporcionando todos los detalles posibles.","robots":{"index":"index","follow":"follow","max-snippet":"max-snippet:-1","max-image-preview":"max-image-preview:large","max-video-preview":"max-video-preview:-1"},"canonical":"https:\/\/www.aspsourcing.com\/es\/solicitud-de-soporte\/","og_locale":"es_ES","og_type":"article","og_title":"Solicitud de soporte - ASP Sourcing - Acc\u00e9dez \u00e0 vos applications en mode ASP","og_description":"Por favor complete todos los campos del formulario, proporcionando todos los detalles posibles.","og_url":"https:\/\/www.aspsourcing.com\/es\/solicitud-de-soporte\/","og_site_name":"ASP Sourcing - Acc\u00e9dez \u00e0 vos applications en mode ASP","article_modified_time":"2024-03-15T15:28:13+00:00","og_image":[{"width":500,"height":81,"url":"https:\/\/www.aspsourcing.com\/wp-content\/uploads\/2024\/01\/asp-sourcing-logo.png","type":"image\/png"}],"twitter_card":"summary_large_image","schema":{"@context":"https:\/\/schema.org","@graph":[{"@type":"WebPage","@id":"https:\/\/www.aspsourcing.com\/es\/solicitud-de-soporte\/","url":"https:\/\/www.aspsourcing.com\/es\/solicitud-de-soporte\/","name":"Solicitud de soporte - ASP Sourcing - Acc\u00e9dez \u00e0 vos applications en mode ASP","isPartOf":{"@id":"https:\/\/www.aspsourcing.com\/es\/#website"},"datePublished":"2024-01-24T17:23:43+00:00","dateModified":"2024-03-15T15:28:13+00:00","description":"Por favor complete todos los campos del formulario, proporcionando todos los detalles posibles.","breadcrumb":{"@id":"https:\/\/www.aspsourcing.com\/es\/solicitud-de-soporte\/#breadcrumb"},"inLanguage":"es","potentialAction":[{"@type":"ReadAction","target":["https:\/\/www.aspsourcing.com\/es\/solicitud-de-soporte\/"]}]},{"@type":"BreadcrumbList","@id":"https:\/\/www.aspsourcing.com\/es\/solicitud-de-soporte\/#breadcrumb","itemListElement":[{"@type":"ListItem","position":1,"name":"Portada","item":"https:\/\/www.aspsourcing.com\/es\/home\/"},{"@type":"ListItem","position":2,"name":"Solicitud de soporte"}]},{"@type":"WebSite","@id":"https:\/\/www.aspsourcing.com\/es\/#website","url":"https:\/\/www.aspsourcing.com\/es\/","name":"ASP Sourcing - Acc\u00e9dez \u00e0 vos applications en mode ASP","description":"","potentialAction":[{"@type":"SearchAction","target":{"@type":"EntryPoint","urlTemplate":"https:\/\/www.aspsourcing.com\/es\/?s={search_term_string}"},"query-input":{"@type":"PropertyValueSpecification","valueRequired":true,"valueName":"search_term_string"}}],"inLanguage":"es"}]}},"_links":{"self":[{"href":"https:\/\/www.aspsourcing.com\/es\/wp-json\/wp\/v2\/pages\/709","targetHints":{"allow":["GET"]}}],"collection":[{"href":"https:\/\/www.aspsourcing.com\/es\/wp-json\/wp\/v2\/pages"}],"about":[{"href":"https:\/\/www.aspsourcing.com\/es\/wp-json\/wp\/v2\/types\/page"}],"author":[{"embeddable":true,"href":"https:\/\/www.aspsourcing.com\/es\/wp-json\/wp\/v2\/users\/1"}],"replies":[{"embeddable":true,"href":"https:\/\/www.aspsourcing.com\/es\/wp-json\/wp\/v2\/comments?post=709"}],"version-history":[{"count":7,"href":"https:\/\/www.aspsourcing.com\/es\/wp-json\/wp\/v2\/pages\/709\/revisions"}],"predecessor-version":[{"id":823,"href":"https:\/\/www.aspsourcing.com\/es\/wp-json\/wp\/v2\/pages\/709\/revisions\/823"}],"wp:attachment":[{"href":"https:\/\/www.aspsourcing.com\/es\/wp-json\/wp\/v2\/media?parent=709"}],"curies":[{"name":"wp","href":"https:\/\/api.w.org\/{rel}","templated":true}]}}