{"id":769,"date":"2024-01-24T18:27:37","date_gmt":"2024-01-24T17:27:37","guid":{"rendered":"https:\/\/www.aspsourcing.com\/rsa-on-demand\/"},"modified":"2024-03-15T18:43:54","modified_gmt":"2024-03-15T17:43:54","slug":"rsa-on-demand","status":"publish","type":"page","link":"https:\/\/www.aspsourcing.com\/es\/rsa-on-demand\/","title":{"rendered":"RSA on-demand"},"content":{"rendered":"\t\t<div data-elementor-type=\"wp-page\" data-elementor-id=\"769\" class=\"elementor elementor-769 elementor-40\" data-elementor-post-type=\"page\">\n\t\t\t\t<div class=\"elementor-element elementor-element-5fa5782 e-flex e-con-boxed e-con e-parent\" data-id=\"5fa5782\" data-element_type=\"container\" data-e-type=\"container\" data-settings=\"{&quot;background_background&quot;:&quot;classic&quot;}\">\n\t\t\t\t\t<div class=\"e-con-inner\">\n\t\t<div class=\"elementor-element elementor-element-77d52d1 e-con-full e-flex e-con e-child\" data-id=\"77d52d1\" data-element_type=\"container\" data-e-type=\"container\">\n\t\t\t\t<div class=\"elementor-element elementor-element-05ee5ca elementor-widget elementor-widget-heading\" data-id=\"05ee5ca\" data-element_type=\"widget\" data-e-type=\"widget\" data-widget_type=\"heading.default\">\n\t\t\t\t<div class=\"elementor-widget-container\">\n\t\t\t\t\t<h1 class=\"elementor-heading-title elementor-size-default\">RSA on-demand<\/h1>\t\t\t\t<\/div>\n\t\t\t\t<\/div>\n\t\t\t\t<\/div>\n\t\t<div class=\"elementor-element elementor-element-17cf681 e-con-full e-flex e-con e-child\" data-id=\"17cf681\" data-element_type=\"container\" data-e-type=\"container\">\n\t\t\t\t<\/div>\n\t\t\t\t\t<\/div>\n\t\t\t\t<\/div>\n\t\t<div class=\"elementor-element elementor-element-cac45f7 e-flex e-con-boxed e-con e-parent\" data-id=\"cac45f7\" data-element_type=\"container\" data-e-type=\"container\">\n\t\t\t\t\t<div class=\"e-con-inner\">\n\t\t<div class=\"elementor-element elementor-element-3cd5d80e e-con-full e-flex e-con e-child\" data-id=\"3cd5d80e\" data-element_type=\"container\" data-e-type=\"container\">\n\t\t\t\t<div class=\"elementor-element elementor-element-da7acfc elementor-widget-divider--view-line elementor-widget elementor-widget-divider\" data-id=\"da7acfc\" data-element_type=\"widget\" data-e-type=\"widget\" data-widget_type=\"divider.default\">\n\t\t\t\t<div class=\"elementor-widget-container\">\n\t\t\t\t\t\t\t<div class=\"elementor-divider\">\n\t\t\t<span class=\"elementor-divider-separator\">\n\t\t\t\t\t\t<\/span>\n\t\t<\/div>\n\t\t\t\t\t\t<\/div>\n\t\t\t\t<\/div>\n\t\t\t\t<div class=\"elementor-element elementor-element-4bd8973a elementor-widget elementor-widget-heading\" data-id=\"4bd8973a\" data-element_type=\"widget\" data-e-type=\"widget\" data-widget_type=\"heading.default\">\n\t\t\t\t<div class=\"elementor-widget-container\">\n\t\t\t\t\t<h2 class=\"elementor-heading-title elementor-size-default\">Proteja el acceso a las aplicaciones y datos de la empresa<\/h2>\t\t\t\t<\/div>\n\t\t\t\t<\/div>\n\t\t\t\t<\/div>\n\t\t<div class=\"elementor-element elementor-element-2a2295bb e-con-full e-flex e-con e-child\" data-id=\"2a2295bb\" data-element_type=\"container\" data-e-type=\"container\">\n\t\t\t\t<div class=\"elementor-element elementor-element-52c2397 elementor-widget elementor-widget-text-editor\" data-id=\"52c2397\" data-element_type=\"widget\" data-e-type=\"widget\" data-widget_type=\"text-editor.default\">\n\t\t\t\t<div class=\"elementor-widget-container\">\n\t\t\t\t\t\t\t\t\t<p>La soluci\u00f3n RSA SecurID es un procedimiento de autenticaci\u00f3n que requiere la combinaci\u00f3n de dos factores de identificaci\u00f3n. Reducir los riesgos de delitos inform\u00e1ticos que amenazan a todas las empresas, para la seguridad de la red y la protecci\u00f3n de la informaci\u00f3n confidencial.<\/p>\n<p>RSA SecurID, soluci\u00f3n del fabricante RSA (Grupo Dell), reconocida por todas las empresas como las mejores soluciones de autenticaci\u00f3n robusta.<\/p>\n\t\t\t\t\t\t\t\t<\/div>\n\t\t\t\t<\/div>\n\t\t\t\t<\/div>\n\t\t\t\t\t<\/div>\n\t\t\t\t<\/div>\n\t\t<div class=\"elementor-element elementor-element-534fd586 e-flex e-con-boxed e-con e-parent\" data-id=\"534fd586\" data-element_type=\"container\" data-e-type=\"container\">\n\t\t\t\t\t<div class=\"e-con-inner\">\n\t\t<div class=\"elementor-element elementor-element-2270b9dd e-con-full e-flex e-con e-child\" data-id=\"2270b9dd\" data-element_type=\"container\" data-e-type=\"container\">\n\t\t\t\t<div class=\"elementor-element elementor-element-f09839d elementor-widget-divider--view-line elementor-widget elementor-widget-divider\" data-id=\"f09839d\" data-element_type=\"widget\" data-e-type=\"widget\" data-widget_type=\"divider.default\">\n\t\t\t\t<div class=\"elementor-widget-container\">\n\t\t\t\t\t\t\t<div class=\"elementor-divider\">\n\t\t\t<span class=\"elementor-divider-separator\">\n\t\t\t\t\t\t<\/span>\n\t\t<\/div>\n\t\t\t\t\t\t<\/div>\n\t\t\t\t<\/div>\n\t\t\t\t<div class=\"elementor-element elementor-element-49b956f7 elementor-widget elementor-widget-heading\" data-id=\"49b956f7\" data-element_type=\"widget\" data-e-type=\"widget\" data-widget_type=\"heading.default\">\n\t\t\t\t<div class=\"elementor-widget-container\">\n\t\t\t\t\t<h2 class=\"elementor-heading-title elementor-size-default\">Agregue un tercer factor de autenticaci\u00f3n<\/h2>\t\t\t\t<\/div>\n\t\t\t\t<\/div>\n\t\t\t\t<\/div>\n\t\t<div class=\"elementor-element elementor-element-3e35fd24 e-con-full e-flex e-con e-child\" data-id=\"3e35fd24\" data-element_type=\"container\" data-e-type=\"container\">\n\t\t\t\t<div class=\"elementor-element elementor-element-3b80f030 elementor-widget elementor-widget-text-editor\" data-id=\"3b80f030\" data-element_type=\"widget\" data-e-type=\"widget\" data-widget_type=\"text-editor.default\">\n\t\t\t\t<div class=\"elementor-widget-container\">\n\t\t\t\t\t\t\t\t\t<p>Proponiendo la soluci\u00f3n RSA SecurID en modo alojado, ofrecemos a nuestros clientes la posibilidad de acceder al sistema de autentificaci\u00f3n l\u00edder en el mercado, reservado hasta ahora a las grandes empresas, de por su coste de implementaci\u00f3n.<\/p>\n<p>ASP Sourcing propone el servicio RSA en modo alojado y mutualizado en su datacenter, con una arquitectura de alto rendimiento y redundante. Ya no es necesaria una gran inversi\u00f3n para beneficiarse de la mejor tecnolog\u00eda de autentificaci\u00f3n. S\u00f3lo hace falta instalar un simple agente en su servidor o en su acceso VPN.<\/p>\n\t\t\t\t\t\t\t\t<\/div>\n\t\t\t\t<\/div>\n\t\t\t\t<div class=\"elementor-element elementor-element-08f6e14 elementor-align-start elementor-icon-list--layout-traditional elementor-list-item-link-full_width elementor-widget elementor-widget-icon-list\" data-id=\"08f6e14\" data-element_type=\"widget\" data-e-type=\"widget\" data-widget_type=\"icon-list.default\">\n\t\t\t\t<div class=\"elementor-widget-container\">\n\t\t\t\t\t\t\t<ul class=\"elementor-icon-list-items\">\n\t\t\t\t\t\t\t<li class=\"elementor-icon-list-item\">\n\t\t\t\t\t\t\t\t\t\t\t<a href=\"https:\/\/www.aspsourcing.com\/downloads\/asprsacomfr.pdf\" target=\"_blank\" rel=\"nofollow\">\n\n\t\t\t\t\t\t\t\t\t\t\t\t<span class=\"elementor-icon-list-icon\">\n\t\t\t\t\t\t\t<svg aria-hidden=\"true\" class=\"e-font-icon-svg e-fas-file-pdf\" viewBox=\"0 0 384 512\" xmlns=\"http:\/\/www.w3.org\/2000\/svg\"><path d=\"M181.9 256.1c-5-16-4.9-46.9-2-46.9 8.4 0 7.6 36.9 2 46.9zm-1.7 47.2c-7.7 20.2-17.3 43.3-28.4 62.7 18.3-7 39-17.2 62.9-21.9-12.7-9.6-24.9-23.4-34.5-40.8zM86.1 428.1c0 .8 13.2-5.4 34.9-40.2-6.7 6.3-29.1 24.5-34.9 40.2zM248 160h136v328c0 13.3-10.7 24-24 24H24c-13.3 0-24-10.7-24-24V24C0 10.7 10.7 0 24 0h200v136c0 13.2 10.8 24 24 24zm-8 171.8c-20-12.2-33.3-29-42.7-53.8 4.5-18.5 11.6-46.6 6.2-64.2-4.7-29.4-42.4-26.5-47.8-6.8-5 18.3-.4 44.1 8.1 77-11.6 27.6-28.7 64.6-40.8 85.8-.1 0-.1.1-.2.1-27.1 13.9-73.6 44.5-54.5 68 5.6 6.9 16 10 21.5 10 17.9 0 35.7-18 61.1-61.8 25.8-8.5 54.1-19.1 79-23.2 21.7 11.8 47.1 19.5 64 19.5 29.2 0 31.2-32 19.7-43.4-13.9-13.6-54.3-9.7-73.6-7.2zM377 105L279 7c-4.5-4.5-10.6-7-17-7h-6v128h128v-6.1c0-6.3-2.5-12.4-7-16.9zm-74.1 255.3c4.1-2.7-2.5-11.9-42.8-9 37.1 15.8 42.8 9 42.8 9z\"><\/path><\/svg>\t\t\t\t\t\t<\/span>\n\t\t\t\t\t\t\t\t\t\t<span class=\"elementor-icon-list-text\">Presentaci\u00f3n de la soluci\u00f3n RSA en modo ASP<\/span>\n\t\t\t\t\t\t\t\t\t\t\t<\/a>\n\t\t\t\t\t\t\t\t\t<\/li>\n\t\t\t\t\t\t\t\t<li class=\"elementor-icon-list-item\">\n\t\t\t\t\t\t\t\t\t\t\t<a href=\"https:\/\/www.aspsourcing.com\/downloads\/asprsatecfr.pdf\" target=\"_blank\" rel=\"nofollow\">\n\n\t\t\t\t\t\t\t\t\t\t\t\t<span class=\"elementor-icon-list-icon\">\n\t\t\t\t\t\t\t<svg aria-hidden=\"true\" class=\"e-font-icon-svg e-fas-file-pdf\" viewBox=\"0 0 384 512\" xmlns=\"http:\/\/www.w3.org\/2000\/svg\"><path d=\"M181.9 256.1c-5-16-4.9-46.9-2-46.9 8.4 0 7.6 36.9 2 46.9zm-1.7 47.2c-7.7 20.2-17.3 43.3-28.4 62.7 18.3-7 39-17.2 62.9-21.9-12.7-9.6-24.9-23.4-34.5-40.8zM86.1 428.1c0 .8 13.2-5.4 34.9-40.2-6.7 6.3-29.1 24.5-34.9 40.2zM248 160h136v328c0 13.3-10.7 24-24 24H24c-13.3 0-24-10.7-24-24V24C0 10.7 10.7 0 24 0h200v136c0 13.2 10.8 24 24 24zm-8 171.8c-20-12.2-33.3-29-42.7-53.8 4.5-18.5 11.6-46.6 6.2-64.2-4.7-29.4-42.4-26.5-47.8-6.8-5 18.3-.4 44.1 8.1 77-11.6 27.6-28.7 64.6-40.8 85.8-.1 0-.1.1-.2.1-27.1 13.9-73.6 44.5-54.5 68 5.6 6.9 16 10 21.5 10 17.9 0 35.7-18 61.1-61.8 25.8-8.5 54.1-19.1 79-23.2 21.7 11.8 47.1 19.5 64 19.5 29.2 0 31.2-32 19.7-43.4-13.9-13.6-54.3-9.7-73.6-7.2zM377 105L279 7c-4.5-4.5-10.6-7-17-7h-6v128h128v-6.1c0-6.3-2.5-12.4-7-16.9zm-74.1 255.3c4.1-2.7-2.5-11.9-42.8-9 37.1 15.8 42.8 9 42.8 9z\"><\/path><\/svg>\t\t\t\t\t\t<\/span>\n\t\t\t\t\t\t\t\t\t\t<span class=\"elementor-icon-list-text\">\u00bfC\u00f3mo funciona? Presentaci\u00f3n t\u00e9cnica<\/span>\n\t\t\t\t\t\t\t\t\t\t\t<\/a>\n\t\t\t\t\t\t\t\t\t<\/li>\n\t\t\t\t\t\t\t\t<li class=\"elementor-icon-list-item\">\n\t\t\t\t\t\t\t\t\t\t\t<a href=\"https:\/\/www.aspsourcing.com\/downloads\/asps-rsasecured-fr.pdf\" target=\"_blank\" rel=\"nofollow\">\n\n\t\t\t\t\t\t\t\t\t\t\t\t<span class=\"elementor-icon-list-icon\">\n\t\t\t\t\t\t\t<svg aria-hidden=\"true\" class=\"e-font-icon-svg e-fas-file-pdf\" viewBox=\"0 0 384 512\" xmlns=\"http:\/\/www.w3.org\/2000\/svg\"><path d=\"M181.9 256.1c-5-16-4.9-46.9-2-46.9 8.4 0 7.6 36.9 2 46.9zm-1.7 47.2c-7.7 20.2-17.3 43.3-28.4 62.7 18.3-7 39-17.2 62.9-21.9-12.7-9.6-24.9-23.4-34.5-40.8zM86.1 428.1c0 .8 13.2-5.4 34.9-40.2-6.7 6.3-29.1 24.5-34.9 40.2zM248 160h136v328c0 13.3-10.7 24-24 24H24c-13.3 0-24-10.7-24-24V24C0 10.7 10.7 0 24 0h200v136c0 13.2 10.8 24 24 24zm-8 171.8c-20-12.2-33.3-29-42.7-53.8 4.5-18.5 11.6-46.6 6.2-64.2-4.7-29.4-42.4-26.5-47.8-6.8-5 18.3-.4 44.1 8.1 77-11.6 27.6-28.7 64.6-40.8 85.8-.1 0-.1.1-.2.1-27.1 13.9-73.6 44.5-54.5 68 5.6 6.9 16 10 21.5 10 17.9 0 35.7-18 61.1-61.8 25.8-8.5 54.1-19.1 79-23.2 21.7 11.8 47.1 19.5 64 19.5 29.2 0 31.2-32 19.7-43.4-13.9-13.6-54.3-9.7-73.6-7.2zM377 105L279 7c-4.5-4.5-10.6-7-17-7h-6v128h128v-6.1c0-6.3-2.5-12.4-7-16.9zm-74.1 255.3c4.1-2.7-2.5-11.9-42.8-9 37.1 15.8 42.8 9 42.8 9z\"><\/path><\/svg>\t\t\t\t\t\t<\/span>\n\t\t\t\t\t\t\t\t\t\t<span class=\"elementor-icon-list-text\">Lista de las soluciones compatibles RSA SecurID<\/span>\n\t\t\t\t\t\t\t\t\t\t\t<\/a>\n\t\t\t\t\t\t\t\t\t<\/li>\n\t\t\t\t\t\t<\/ul>\n\t\t\t\t\t\t<\/div>\n\t\t\t\t<\/div>\n\t\t\t\t<\/div>\n\t\t\t\t\t<\/div>\n\t\t\t\t<\/div>\n\t\t<div class=\"elementor-element elementor-element-ffd3d82 e-flex e-con-boxed e-con e-parent\" data-id=\"ffd3d82\" data-element_type=\"container\" data-e-type=\"container\" data-settings=\"{&quot;background_background&quot;:&quot;classic&quot;}\">\n\t\t\t\t\t<div class=\"e-con-inner\">\n\t\t<div class=\"elementor-element elementor-element-91fc308 e-flex e-con-boxed e-con e-child\" data-id=\"91fc308\" data-element_type=\"container\" data-e-type=\"container\">\n\t\t\t\t\t<div class=\"e-con-inner\">\n\t\t\t\t<div class=\"elementor-element elementor-element-4c2986bf elementor-widget elementor-widget-heading\" data-id=\"4c2986bf\" data-element_type=\"widget\" data-e-type=\"widget\" data-widget_type=\"heading.default\">\n\t\t\t\t<div class=\"elementor-widget-container\">\n\t\t\t\t\t<h2 class=\"elementor-heading-title elementor-size-default\"> Tokens disponibles en alquiler<\/h2>\t\t\t\t<\/div>\n\t\t\t\t<\/div>\n\t\t\t\t\t<\/div>\n\t\t\t\t<\/div>\n\t\t<div class=\"elementor-element elementor-element-8b06ec9 e-flex e-con-boxed e-con e-child\" data-id=\"8b06ec9\" data-element_type=\"container\" data-e-type=\"container\">\n\t\t\t\t\t<div class=\"e-con-inner\">\n\t\t<div class=\"elementor-element elementor-element-14c555a e-flex e-con-boxed elementor-invisible e-con e-child\" data-id=\"14c555a\" data-element_type=\"container\" data-e-type=\"container\" data-settings=\"{&quot;animation&quot;:&quot;fadeInUp&quot;}\">\n\t\t\t\t\t<div class=\"e-con-inner\">\n\t\t\t\t<div class=\"elementor-element elementor-element-f5730e2 elementor-position-left elementor-position-top elementor-position-top elementor-vertical-align-top elementor-widget elementor-widget-image-box\" data-id=\"f5730e2\" data-element_type=\"widget\" data-e-type=\"widget\" data-widget_type=\"image-box.default\">\n\t\t\t\t<div class=\"elementor-widget-container\">\n\t\t\t\t\t<div class=\"elementor-image-box-wrapper\"><figure class=\"elementor-image-box-img\"><img fetchpriority=\"high\" decoding=\"async\" width=\"300\" height=\"300\" src=\"https:\/\/www.aspsourcing.com\/wp-content\/uploads\/2024\/02\/SD700.jpg\" class=\"attachment-full size-full wp-image-196\" alt=\"\" srcset=\"https:\/\/www.aspsourcing.com\/wp-content\/uploads\/2024\/02\/SD700.jpg 300w, https:\/\/www.aspsourcing.com\/wp-content\/uploads\/2024\/02\/SD700-150x150.jpg 150w\" sizes=\"(max-width: 300px) 100vw, 300px\" \/><\/figure><div class=\"elementor-image-box-content\"><h3 class=\"elementor-image-box-title\">Llavero RSA SecurID - R\u00e9f SD700<\/h3><p class=\"elementor-image-box-description\">El llavero token ofrece una gran longevidad bajo un formato seguro, pr\u00e1ctico y f\u00e1cil de llevar.\nDisponible en 24 o 48 meses.<\/p><\/div><\/div>\t\t\t\t<\/div>\n\t\t\t\t<\/div>\n\t\t\t\t\t<\/div>\n\t\t\t\t<\/div>\n\t\t<div class=\"elementor-element elementor-element-8df9d16 e-flex e-con-boxed elementor-invisible e-con e-child\" data-id=\"8df9d16\" data-element_type=\"container\" data-e-type=\"container\" data-settings=\"{&quot;animation&quot;:&quot;fadeInUp&quot;}\">\n\t\t\t\t\t<div class=\"e-con-inner\">\n\t\t\t\t<div class=\"elementor-element elementor-element-cd7b5b8 elementor-position-left elementor-position-top elementor-position-top elementor-vertical-align-top elementor-widget elementor-widget-image-box\" data-id=\"cd7b5b8\" data-element_type=\"widget\" data-e-type=\"widget\" data-widget_type=\"image-box.default\">\n\t\t\t\t<div class=\"elementor-widget-container\">\n\t\t\t\t\t<div class=\"elementor-image-box-wrapper\"><figure class=\"elementor-image-box-img\"><img decoding=\"async\" width=\"300\" height=\"300\" src=\"https:\/\/www.aspsourcing.com\/wp-content\/uploads\/2024\/02\/SDSOFT.jpg\" class=\"attachment-full size-full wp-image-197\" alt=\"\" srcset=\"https:\/\/www.aspsourcing.com\/wp-content\/uploads\/2024\/02\/SDSOFT.jpg 300w, https:\/\/www.aspsourcing.com\/wp-content\/uploads\/2024\/02\/SDSOFT-150x150.jpg 150w\" sizes=\"(max-width: 300px) 100vw, 300px\" \/><\/figure><div class=\"elementor-image-box-content\"><h3 class=\"elementor-image-box-title\">Aplicaci\u00f3n Token RSA SecurID - R\u00e9f SDSOFT<\/h3><p class=\"elementor-image-box-description\">Aplicaci\u00f3n RSA SecurID para SmartPhones de tipo iPhone, Android o Windows Mobile.\nDisponible en 12, 24 o 48 meses.<\/p><\/div><\/div>\t\t\t\t<\/div>\n\t\t\t\t<\/div>\n\t\t\t\t\t<\/div>\n\t\t\t\t<\/div>\n\t\t\t\t\t<\/div>\n\t\t\t\t<\/div>\n\t\t\t\t\t<\/div>\n\t\t\t\t<\/div>\n\t\t\t\t<\/div>\n\t\t","protected":false},"excerpt":{"rendered":"<p>Proteja el acceso a las aplicaciones y datos de la empresa La soluci\u00f3n RSA SecurID es un procedimiento de autenticaci\u00f3n que requiere la combinaci\u00f3n de dos factores de identificaci\u00f3n. Reducir los riesgos de delitos inform\u00e1ticos que amenazan a todas las empresas, para la seguridad de la red y la protecci\u00f3n de la informaci\u00f3n confidencial. RSA [&hellip;]<\/p>\n","protected":false},"author":1,"featured_media":0,"parent":0,"menu_order":0,"comment_status":"closed","ping_status":"closed","template":"elementor_header_footer","meta":{"footnotes":""},"class_list":["post-769","page","type-page","status-publish","hentry"],"yoast_head":"<!-- This site is optimized with the Yoast SEO plugin v27.3 - https:\/\/yoast.com\/product\/yoast-seo-wordpress\/ -->\n<title>RSA on-demand - ASP Sourcing - Acc\u00e9dez \u00e0 vos applications en mode ASP<\/title>\n<meta name=\"description\" content=\"Proteja el acceso a las aplicaciones y datos de la empresa.\" \/>\n<meta name=\"robots\" content=\"index, follow, max-snippet:-1, max-image-preview:large, max-video-preview:-1\" \/>\n<link rel=\"canonical\" href=\"https:\/\/www.aspsourcing.com\/es\/rsa-on-demand\/\" \/>\n<meta property=\"og:locale\" content=\"es_ES\" \/>\n<meta property=\"og:type\" content=\"article\" \/>\n<meta property=\"og:title\" content=\"RSA on-demand - ASP Sourcing - Acc\u00e9dez \u00e0 vos applications en mode ASP\" \/>\n<meta property=\"og:description\" content=\"Proteja el acceso a las aplicaciones y datos de la empresa.\" \/>\n<meta property=\"og:url\" content=\"https:\/\/www.aspsourcing.com\/es\/rsa-on-demand\/\" \/>\n<meta property=\"og:site_name\" content=\"ASP Sourcing - Acc\u00e9dez \u00e0 vos applications en mode ASP\" \/>\n<meta property=\"article:modified_time\" content=\"2024-03-15T17:43:54+00:00\" \/>\n<meta property=\"og:image\" content=\"https:\/\/www.aspsourcing.com\/wp-content\/uploads\/2024\/02\/SD700.jpg\" \/>\n<meta name=\"twitter:card\" content=\"summary_large_image\" \/>\n<meta name=\"twitter:label1\" content=\"Tiempo de lectura\" \/>\n\t<meta name=\"twitter:data1\" content=\"1 minuto\" \/>\n<script type=\"application\/ld+json\" class=\"yoast-schema-graph\">{\"@context\":\"https:\\\/\\\/schema.org\",\"@graph\":[{\"@type\":\"WebPage\",\"@id\":\"https:\\\/\\\/www.aspsourcing.com\\\/es\\\/rsa-on-demand\\\/\",\"url\":\"https:\\\/\\\/www.aspsourcing.com\\\/es\\\/rsa-on-demand\\\/\",\"name\":\"RSA on-demand - ASP Sourcing - Acc\u00e9dez \u00e0 vos applications en mode ASP\",\"isPartOf\":{\"@id\":\"https:\\\/\\\/www.aspsourcing.com\\\/es\\\/#website\"},\"primaryImageOfPage\":{\"@id\":\"https:\\\/\\\/www.aspsourcing.com\\\/es\\\/rsa-on-demand\\\/#primaryimage\"},\"image\":{\"@id\":\"https:\\\/\\\/www.aspsourcing.com\\\/es\\\/rsa-on-demand\\\/#primaryimage\"},\"thumbnailUrl\":\"https:\\\/\\\/www.aspsourcing.com\\\/wp-content\\\/uploads\\\/2024\\\/02\\\/SD700.jpg\",\"datePublished\":\"2024-01-24T17:27:37+00:00\",\"dateModified\":\"2024-03-15T17:43:54+00:00\",\"description\":\"Proteja el acceso a las aplicaciones y datos de la empresa.\",\"breadcrumb\":{\"@id\":\"https:\\\/\\\/www.aspsourcing.com\\\/es\\\/rsa-on-demand\\\/#breadcrumb\"},\"inLanguage\":\"es\",\"potentialAction\":[{\"@type\":\"ReadAction\",\"target\":[\"https:\\\/\\\/www.aspsourcing.com\\\/es\\\/rsa-on-demand\\\/\"]}]},{\"@type\":\"ImageObject\",\"inLanguage\":\"es\",\"@id\":\"https:\\\/\\\/www.aspsourcing.com\\\/es\\\/rsa-on-demand\\\/#primaryimage\",\"url\":\"https:\\\/\\\/www.aspsourcing.com\\\/wp-content\\\/uploads\\\/2024\\\/02\\\/SD700.jpg\",\"contentUrl\":\"https:\\\/\\\/www.aspsourcing.com\\\/wp-content\\\/uploads\\\/2024\\\/02\\\/SD700.jpg\"},{\"@type\":\"BreadcrumbList\",\"@id\":\"https:\\\/\\\/www.aspsourcing.com\\\/es\\\/rsa-on-demand\\\/#breadcrumb\",\"itemListElement\":[{\"@type\":\"ListItem\",\"position\":1,\"name\":\"Portada\",\"item\":\"https:\\\/\\\/www.aspsourcing.com\\\/es\\\/home\\\/\"},{\"@type\":\"ListItem\",\"position\":2,\"name\":\"RSA on-demand\"}]},{\"@type\":\"WebSite\",\"@id\":\"https:\\\/\\\/www.aspsourcing.com\\\/es\\\/#website\",\"url\":\"https:\\\/\\\/www.aspsourcing.com\\\/es\\\/\",\"name\":\"ASP Sourcing - Acc\u00e9dez \u00e0 vos applications en mode ASP\",\"description\":\"\",\"potentialAction\":[{\"@type\":\"SearchAction\",\"target\":{\"@type\":\"EntryPoint\",\"urlTemplate\":\"https:\\\/\\\/www.aspsourcing.com\\\/es\\\/?s={search_term_string}\"},\"query-input\":{\"@type\":\"PropertyValueSpecification\",\"valueRequired\":true,\"valueName\":\"search_term_string\"}}],\"inLanguage\":\"es\"}]}<\/script>\n<!-- \/ Yoast SEO plugin. -->","yoast_head_json":{"title":"RSA on-demand - ASP Sourcing - Acc\u00e9dez \u00e0 vos applications en mode ASP","description":"Proteja el acceso a las aplicaciones y datos de la empresa.","robots":{"index":"index","follow":"follow","max-snippet":"max-snippet:-1","max-image-preview":"max-image-preview:large","max-video-preview":"max-video-preview:-1"},"canonical":"https:\/\/www.aspsourcing.com\/es\/rsa-on-demand\/","og_locale":"es_ES","og_type":"article","og_title":"RSA on-demand - ASP Sourcing - Acc\u00e9dez \u00e0 vos applications en mode ASP","og_description":"Proteja el acceso a las aplicaciones y datos de la empresa.","og_url":"https:\/\/www.aspsourcing.com\/es\/rsa-on-demand\/","og_site_name":"ASP Sourcing - Acc\u00e9dez \u00e0 vos applications en mode ASP","article_modified_time":"2024-03-15T17:43:54+00:00","og_image":[{"url":"https:\/\/www.aspsourcing.com\/wp-content\/uploads\/2024\/02\/SD700.jpg","type":"","width":"","height":""}],"twitter_card":"summary_large_image","twitter_misc":{"Tiempo de lectura":"1 minuto"},"schema":{"@context":"https:\/\/schema.org","@graph":[{"@type":"WebPage","@id":"https:\/\/www.aspsourcing.com\/es\/rsa-on-demand\/","url":"https:\/\/www.aspsourcing.com\/es\/rsa-on-demand\/","name":"RSA on-demand - ASP Sourcing - Acc\u00e9dez \u00e0 vos applications en mode ASP","isPartOf":{"@id":"https:\/\/www.aspsourcing.com\/es\/#website"},"primaryImageOfPage":{"@id":"https:\/\/www.aspsourcing.com\/es\/rsa-on-demand\/#primaryimage"},"image":{"@id":"https:\/\/www.aspsourcing.com\/es\/rsa-on-demand\/#primaryimage"},"thumbnailUrl":"https:\/\/www.aspsourcing.com\/wp-content\/uploads\/2024\/02\/SD700.jpg","datePublished":"2024-01-24T17:27:37+00:00","dateModified":"2024-03-15T17:43:54+00:00","description":"Proteja el acceso a las aplicaciones y datos de la empresa.","breadcrumb":{"@id":"https:\/\/www.aspsourcing.com\/es\/rsa-on-demand\/#breadcrumb"},"inLanguage":"es","potentialAction":[{"@type":"ReadAction","target":["https:\/\/www.aspsourcing.com\/es\/rsa-on-demand\/"]}]},{"@type":"ImageObject","inLanguage":"es","@id":"https:\/\/www.aspsourcing.com\/es\/rsa-on-demand\/#primaryimage","url":"https:\/\/www.aspsourcing.com\/wp-content\/uploads\/2024\/02\/SD700.jpg","contentUrl":"https:\/\/www.aspsourcing.com\/wp-content\/uploads\/2024\/02\/SD700.jpg"},{"@type":"BreadcrumbList","@id":"https:\/\/www.aspsourcing.com\/es\/rsa-on-demand\/#breadcrumb","itemListElement":[{"@type":"ListItem","position":1,"name":"Portada","item":"https:\/\/www.aspsourcing.com\/es\/home\/"},{"@type":"ListItem","position":2,"name":"RSA on-demand"}]},{"@type":"WebSite","@id":"https:\/\/www.aspsourcing.com\/es\/#website","url":"https:\/\/www.aspsourcing.com\/es\/","name":"ASP Sourcing - Acc\u00e9dez \u00e0 vos applications en mode ASP","description":"","potentialAction":[{"@type":"SearchAction","target":{"@type":"EntryPoint","urlTemplate":"https:\/\/www.aspsourcing.com\/es\/?s={search_term_string}"},"query-input":{"@type":"PropertyValueSpecification","valueRequired":true,"valueName":"search_term_string"}}],"inLanguage":"es"}]}},"_links":{"self":[{"href":"https:\/\/www.aspsourcing.com\/es\/wp-json\/wp\/v2\/pages\/769","targetHints":{"allow":["GET"]}}],"collection":[{"href":"https:\/\/www.aspsourcing.com\/es\/wp-json\/wp\/v2\/pages"}],"about":[{"href":"https:\/\/www.aspsourcing.com\/es\/wp-json\/wp\/v2\/types\/page"}],"author":[{"embeddable":true,"href":"https:\/\/www.aspsourcing.com\/es\/wp-json\/wp\/v2\/users\/1"}],"replies":[{"embeddable":true,"href":"https:\/\/www.aspsourcing.com\/es\/wp-json\/wp\/v2\/comments?post=769"}],"version-history":[{"count":8,"href":"https:\/\/www.aspsourcing.com\/es\/wp-json\/wp\/v2\/pages\/769\/revisions"}],"predecessor-version":[{"id":911,"href":"https:\/\/www.aspsourcing.com\/es\/wp-json\/wp\/v2\/pages\/769\/revisions\/911"}],"wp:attachment":[{"href":"https:\/\/www.aspsourcing.com\/es\/wp-json\/wp\/v2\/media?parent=769"}],"curies":[{"name":"wp","href":"https:\/\/api.w.org\/{rel}","templated":true}]}}