{"id":793,"date":"2024-02-26T16:58:18","date_gmt":"2024-02-26T15:58:18","guid":{"rendered":"https:\/\/www.aspsourcing.com\/politica-de-cookies\/"},"modified":"2024-03-15T16:29:32","modified_gmt":"2024-03-15T15:29:32","slug":"politica-de-cookies","status":"publish","type":"page","link":"https:\/\/www.aspsourcing.com\/es\/politica-de-cookies\/","title":{"rendered":"Pol\u00edtica de cookies"},"content":{"rendered":"\t\t<div data-elementor-type=\"wp-page\" data-elementor-id=\"793\" class=\"elementor elementor-793 elementor-546\" data-elementor-post-type=\"page\">\n\t\t\t\t<div class=\"elementor-element elementor-element-4227b09e e-flex e-con-boxed e-con e-parent\" data-id=\"4227b09e\" data-element_type=\"container\" data-e-type=\"container\" data-settings=\"{&quot;background_background&quot;:&quot;classic&quot;}\">\n\t\t\t\t\t<div class=\"e-con-inner\">\n\t\t<div class=\"elementor-element elementor-element-1de60628 e-con-full e-flex e-con e-child\" data-id=\"1de60628\" data-element_type=\"container\" data-e-type=\"container\">\n\t\t\t\t<div class=\"elementor-element elementor-element-90193e6 elementor-widget elementor-widget-heading\" data-id=\"90193e6\" data-element_type=\"widget\" data-e-type=\"widget\" data-widget_type=\"heading.default\">\n\t\t\t\t<div class=\"elementor-widget-container\">\n\t\t\t\t\t<h1 class=\"elementor-heading-title elementor-size-default\">Pol\u00edtica de cookies<\/h1>\t\t\t\t<\/div>\n\t\t\t\t<\/div>\n\t\t\t\t<\/div>\n\t\t\t\t\t<\/div>\n\t\t\t\t<\/div>\n\t\t<div class=\"elementor-element elementor-element-167a6d68 e-flex e-con-boxed e-con e-parent\" data-id=\"167a6d68\" data-element_type=\"container\" data-e-type=\"container\">\n\t\t\t\t\t<div class=\"e-con-inner\">\n\t\t<div class=\"elementor-element elementor-element-485e9ee6 e-con-full e-flex e-con e-child\" data-id=\"485e9ee6\" data-element_type=\"container\" data-e-type=\"container\">\n\t\t\t\t<div class=\"elementor-element elementor-element-11cef286 elementor-widget elementor-widget-text-editor\" data-id=\"11cef286\" data-element_type=\"widget\" data-e-type=\"widget\" data-widget_type=\"text-editor.default\">\n\t\t\t\t<div class=\"elementor-widget-container\">\n\t\t\t\t\t\t\t\t\t<p><strong>Introducci\u00f3n<\/strong><\/p>\n<p>Las cookies son elementos de informaci\u00f3n que se originan en un sitio web y se almacenan en la computadora de un usuario mientras navega por ese sitio. Las cookies no pueden contener ning\u00fan virus. Nos ayudan a determinar qu\u00e9 secciones de nuestros sitios web son las m\u00e1s populares al indicar qu\u00e9 p\u00e1ginas se visitan y durante cu\u00e1nto tiempo. Esto nos permite adaptar nuestros sitios web para proporcionar informaci\u00f3n m\u00e1s relevante y accesible. Al utilizar cookies, por ejemplo, podemos garantizar que la informaci\u00f3n mostrada en su pr\u00f3xima visita coincida con sus preferencias de usuario. Puede configurar su navegador para aceptar o rechazar todas las cookies o para que le avise cuando se env\u00ede una cookie. Sin embargo, tenga en cuenta que deshabilitar las cookies puede afectar su experiencia en l\u00ednea y\/o impedirle aprovechar al m\u00e1ximo nuestro sitio y algunas de sus funciones. Si elige restringir nuestro uso de cookies, debe proporcionar cierta informaci\u00f3n cada vez que visite nuestro sitio web y restablecer sus preferencias.<\/p>\n<p><strong>Las cookies tienen las siguientes ventajas:<\/strong><\/p>\n<p><\/p>\n<p><\/p>\n<ul>\n<li style=\"list-style-type: none;\">\n<ul><\/ul>\n<\/li>\n<li>Recordar informaci\u00f3n proporcionada por el usuario<\/li>\n<li>Recordar las preferencias del usuario<\/li>\n<li>Participaci\u00f3n en la mejora del sitio web<\/li>\n<li>Posibilidad para el visitante de eliminar las cookies<\/li>\n<li>Posibilidad de bloquear cookies cambiando la configuraci\u00f3n del navegador<\/li>\n<li>No hay peligro para el dispositivo del usuario<\/li>\n<\/ul>\n<p><\/p>\n<p><\/p>\n<p><\/p>\n<p><strong>Detalles de las cookies que ASP Sourcing puede almacenar en su dispositivo<\/strong><\/p>\n<p><\/p>\n<p><\/p>\n<ul>\n<li style=\"list-style-type: none;\">\n<ul><\/ul>\n<\/li>\n<li><strong>Cookies de sesi\u00f3n (cookies no persistentes):<\/strong> Las cookies de sesi\u00f3n s\u00f3lo existen mientras el usuario se encuentra en un sitio web determinado. Estas cookies se eliminan en cuanto el usuario cierra la p\u00e1gina web.<\/li>\n<li><strong>Cookies persistentes:<\/strong> Las cookies persistentes permanecen en su dispositivo por m\u00e1s tiempo. Se utilizan para considerar a un visitante que regresa a un sitio como un usuario \u00fanico. Si el visitante restringe el uso de cookies persistentes, estas no recopilan ninguna informaci\u00f3n sobre ese visitante.<\/li>\n<\/ul>\n<p><\/p>\n<p><\/p>\n<p><\/p>\n<p><strong>Lista de cookies que ASP Sourcing puede almacenar en su dispositivo<\/strong><\/p>\n<ul>\n<li><strong>NSC_xxx :<\/strong> Cookie de sesi\u00f3n generada por nuestros balanceadores de carga Citrix Netscaler<\/li>\n<li><strong>WIClientInfo :<\/strong> Cookie de sesi\u00f3n que conserva sus preferencias de visualizaci\u00f3n en Citrix<\/li>\n<li><strong>WINGSession :<\/strong> Cookie de seguridad de sesi\u00f3n de la Interfaz Web de Citrix<\/li>\n<li><strong>ASP.NET_SessionId :<\/strong> Cookie de autenticaci\u00f3n temporal (20 minutos)<\/li>\n<\/ul>\n<p><\/p>\n<p><\/p>\n<ul>\n<li style=\"list-style-type: none;\">\n<ul><\/ul>\n<\/li>\n<\/ul>\n<p><\/p>\n<p><\/p>\n<p><\/p>\n<p><strong>Bloquear\/Restringir cookies<\/strong><\/p>\n<p>Puede restringir el uso de cookies cambiando la configuraci\u00f3n de su navegador (consulte las instrucciones a continuaci\u00f3n):<\/p>\n<p><strong>Internet Explorer:<\/strong><\/p>\n<ul>\n<li>Haga clic en Herramientas en la parte superior de la ventana del navegador y seleccione Opciones de Internet.<\/li>\n<li>En la ventana de opciones, haga clic en la pesta\u00f1a Privacidad.<\/li>\n<li>Para habilitar las cookies, mueva el control deslizante a Medio o una configuraci\u00f3n m\u00e1s baja.<\/li>\n<li>Para desactivar las cookies, mueva el control deslizante hacia la parte superior para bloquear todas las cookies.<\/li>\n<\/ul>\n<p><\/p>\n<p><\/p>\n<ul>\n<li style=\"list-style-type: none;\">\n<ul><\/ul>\n<\/li>\n<\/ul>\n<p><strong>Firefox:<\/strong><\/p>\n<p><\/p>\n<p><\/p>\n<ul>\n<li style=\"list-style-type: none;\">\n<ul><\/ul>\n<\/li>\n<\/ul>\n<ul>\n<li style=\"list-style-type: none;\"> <\/li>\n<li>Haga clic en Herramientas en el men\u00fa del navegador y seleccione Opciones.<\/li>\n<li>Seleccione el panel Privacidad.<\/li>\n<li>Para habilitar las cookies, marque la casilla Aceptar cookies de los sitios.<\/li>\n<li>Para desactivar las cookies, desmarque la casilla Aceptar cookies de sitios.<\/li>\n<\/ul>\n<p><\/p>\n<p><\/p>\n<p><\/p>\n<p><strong>Chrome:<\/strong><\/p>\n<p><\/p>\n<p><\/p>\n<ul>\n<li style=\"list-style-type: none;\">\n<ul><\/ul>\n<\/li>\n<li>Haga clic en el icono de llave inglesa en la barra de herramientas del navegador.<\/li>\n<li>Seleccione la opci\u00f3n Configuraci\u00f3n.<\/li>\n<li>Haga clic en Mostrar configuraci\u00f3n avanzada.<\/li>\n<li>En la secci\u00f3n Privacidad, haga clic en el bot\u00f3n Configuraci\u00f3n de contenido.<\/li>\n<li>Para habilitar las cookies, seleccione Permitir almacenamiento de datos local en la secci\u00f3n Cookies. Se autorizan entonces las cookies propias y las cookies de terceros. Para aceptar solo cookies propias, seleccione Bloquear todas las cookies de terceros sin excepci\u00f3n.<\/li>\n<li>Para deshabilitar las cookies, seleccione Bloquear que todos los sitios almacenen datos en la secci\u00f3n Cookies.<\/li>\n<\/ul>\n<p><\/p>\n<p><\/p>\n<p><\/p>\n<p><strong>Safari:<\/strong><\/p>\n<p><\/p>\n<p><\/p>\n<ul>\n<li style=\"list-style-type: none;\">\n<ul><\/ul>\n<\/li>\n<li>Si corresponde, abra Safari.<\/li>\n<li>Elegir Safari &gt; Preferencias, luego haga clic en Privacidad.<\/li>\n<li>En la secci\u00f3n Bloquear cookies, especifique si Safari debe aceptar cookies de sitios web y bajo qu\u00e9 circunstancias.<\/li>\n<li>Para obtener una explicaci\u00f3n de cada opci\u00f3n, haga clic en Detalles.<\/li>\n<li>Para saber qu\u00e9 sitios web almacenan cookies en su computadora, haga clic en Detalles.<\/li>\n<\/ul>\n<p><\/p>\n<p><\/p>\n<p><\/p>\n<p><strong>Para otros navegadores y dispositivos m\u00f3viles:<\/strong><\/p>\n<p>Si desea restringir el uso de cookies para otro navegador o en un dispositivo m\u00f3vil, vaya a la p\u00e1gina web oficial del fabricante del navegador o dispositivo o consulte la documentaci\u00f3n que le han facilitado y luego siga las instrucciones.<\/p>\n<p><\/p>\n\t\t\t\t\t\t\t\t<\/div>\n\t\t\t\t<\/div>\n\t\t\t\t<\/div>\n\t\t\t\t\t<\/div>\n\t\t\t\t<\/div>\n\t\t\t\t<\/div>\n\t\t","protected":false},"excerpt":{"rendered":"<p>Introducci\u00f3n Las cookies son elementos de informaci\u00f3n que se originan en un sitio web y se almacenan en la computadora de un usuario mientras navega por ese sitio. Las cookies no pueden contener ning\u00fan virus. Nos ayudan a determinar qu\u00e9 secciones de nuestros sitios web son las m\u00e1s populares al indicar qu\u00e9 p\u00e1ginas se visitan [&hellip;]<\/p>\n","protected":false},"author":1,"featured_media":0,"parent":0,"menu_order":0,"comment_status":"closed","ping_status":"closed","template":"","meta":{"footnotes":""},"class_list":["post-793","page","type-page","status-publish","hentry"],"yoast_head":"<!-- This site is optimized with the Yoast SEO plugin v27.5 - https:\/\/yoast.com\/product\/yoast-seo-wordpress\/ -->\n<title>Pol\u00edtica de cookies - ASP Sourcing - Acc\u00e9dez \u00e0 vos applications en mode ASP<\/title>\n<meta name=\"description\" content=\"Introducci\u00f3n Las cookies son elementos de informaci\u00f3n que se originan en un sitio web y se almacenan en la computadora de un usuario mientras navega por\" \/>\n<meta name=\"robots\" content=\"noindex, nofollow\" \/>\n<meta property=\"og:locale\" content=\"es_ES\" \/>\n<meta property=\"og:type\" content=\"article\" \/>\n<meta property=\"og:title\" content=\"Pol\u00edtica de cookies - ASP Sourcing - Acc\u00e9dez \u00e0 vos applications en mode ASP\" \/>\n<meta property=\"og:description\" content=\"Introducci\u00f3n Las cookies son elementos de informaci\u00f3n que se originan en un sitio web y se almacenan en la computadora de un usuario mientras navega por\" \/>\n<meta property=\"og:url\" content=\"https:\/\/www.aspsourcing.com\/es\/politica-de-cookies\/\" \/>\n<meta property=\"og:site_name\" content=\"ASP Sourcing - Acc\u00e9dez \u00e0 vos applications en mode ASP\" \/>\n<meta property=\"article:modified_time\" content=\"2024-03-15T15:29:32+00:00\" \/>\n<meta property=\"og:image\" content=\"https:\/\/www.aspsourcing.com\/wp-content\/uploads\/2024\/01\/asp-sourcing-logo.png\" \/>\n\t<meta property=\"og:image:width\" content=\"500\" \/>\n\t<meta property=\"og:image:height\" content=\"81\" \/>\n\t<meta property=\"og:image:type\" content=\"image\/png\" \/>\n<meta name=\"twitter:card\" content=\"summary_large_image\" \/>\n<meta name=\"twitter:label1\" content=\"Tiempo de lectura\" \/>\n\t<meta name=\"twitter:data1\" content=\"4 minutos\" \/>\n<script type=\"application\/ld+json\" class=\"yoast-schema-graph\">{\"@context\":\"https:\\\/\\\/schema.org\",\"@graph\":[{\"@type\":\"WebPage\",\"@id\":\"https:\\\/\\\/www.aspsourcing.com\\\/es\\\/politica-de-cookies\\\/\",\"url\":\"https:\\\/\\\/www.aspsourcing.com\\\/es\\\/politica-de-cookies\\\/\",\"name\":\"Pol\u00edtica de cookies - ASP Sourcing - Acc\u00e9dez \u00e0 vos applications en mode ASP\",\"isPartOf\":{\"@id\":\"https:\\\/\\\/www.aspsourcing.com\\\/es\\\/#website\"},\"datePublished\":\"2024-02-26T15:58:18+00:00\",\"dateModified\":\"2024-03-15T15:29:32+00:00\",\"description\":\"Introducci\u00f3n Las cookies son elementos de informaci\u00f3n que se originan en un sitio web y se almacenan en la computadora de un usuario mientras navega por\",\"breadcrumb\":{\"@id\":\"https:\\\/\\\/www.aspsourcing.com\\\/es\\\/politica-de-cookies\\\/#breadcrumb\"},\"inLanguage\":\"es\",\"potentialAction\":[{\"@type\":\"ReadAction\",\"target\":[\"https:\\\/\\\/www.aspsourcing.com\\\/es\\\/politica-de-cookies\\\/\"]}]},{\"@type\":\"BreadcrumbList\",\"@id\":\"https:\\\/\\\/www.aspsourcing.com\\\/es\\\/politica-de-cookies\\\/#breadcrumb\",\"itemListElement\":[{\"@type\":\"ListItem\",\"position\":1,\"name\":\"Portada\",\"item\":\"https:\\\/\\\/www.aspsourcing.com\\\/es\\\/home\\\/\"},{\"@type\":\"ListItem\",\"position\":2,\"name\":\"Pol\u00edtica de cookies\"}]},{\"@type\":\"WebSite\",\"@id\":\"https:\\\/\\\/www.aspsourcing.com\\\/es\\\/#website\",\"url\":\"https:\\\/\\\/www.aspsourcing.com\\\/es\\\/\",\"name\":\"ASP Sourcing - Acc\u00e9dez \u00e0 vos applications en mode ASP\",\"description\":\"\",\"potentialAction\":[{\"@type\":\"SearchAction\",\"target\":{\"@type\":\"EntryPoint\",\"urlTemplate\":\"https:\\\/\\\/www.aspsourcing.com\\\/es\\\/?s={search_term_string}\"},\"query-input\":{\"@type\":\"PropertyValueSpecification\",\"valueRequired\":true,\"valueName\":\"search_term_string\"}}],\"inLanguage\":\"es\"}]}<\/script>\n<!-- \/ Yoast SEO plugin. -->","yoast_head_json":{"title":"Pol\u00edtica de cookies - ASP Sourcing - Acc\u00e9dez \u00e0 vos applications en mode ASP","description":"Introducci\u00f3n Las cookies son elementos de informaci\u00f3n que se originan en un sitio web y se almacenan en la computadora de un usuario mientras navega por","robots":{"index":"noindex","follow":"nofollow"},"og_locale":"es_ES","og_type":"article","og_title":"Pol\u00edtica de cookies - ASP Sourcing - Acc\u00e9dez \u00e0 vos applications en mode ASP","og_description":"Introducci\u00f3n Las cookies son elementos de informaci\u00f3n que se originan en un sitio web y se almacenan en la computadora de un usuario mientras navega por","og_url":"https:\/\/www.aspsourcing.com\/es\/politica-de-cookies\/","og_site_name":"ASP Sourcing - Acc\u00e9dez \u00e0 vos applications en mode ASP","article_modified_time":"2024-03-15T15:29:32+00:00","og_image":[{"width":500,"height":81,"url":"https:\/\/www.aspsourcing.com\/wp-content\/uploads\/2024\/01\/asp-sourcing-logo.png","type":"image\/png"}],"twitter_card":"summary_large_image","twitter_misc":{"Tiempo de lectura":"4 minutos"},"schema":{"@context":"https:\/\/schema.org","@graph":[{"@type":"WebPage","@id":"https:\/\/www.aspsourcing.com\/es\/politica-de-cookies\/","url":"https:\/\/www.aspsourcing.com\/es\/politica-de-cookies\/","name":"Pol\u00edtica de cookies - ASP Sourcing - Acc\u00e9dez \u00e0 vos applications en mode ASP","isPartOf":{"@id":"https:\/\/www.aspsourcing.com\/es\/#website"},"datePublished":"2024-02-26T15:58:18+00:00","dateModified":"2024-03-15T15:29:32+00:00","description":"Introducci\u00f3n Las cookies son elementos de informaci\u00f3n que se originan en un sitio web y se almacenan en la computadora de un usuario mientras navega por","breadcrumb":{"@id":"https:\/\/www.aspsourcing.com\/es\/politica-de-cookies\/#breadcrumb"},"inLanguage":"es","potentialAction":[{"@type":"ReadAction","target":["https:\/\/www.aspsourcing.com\/es\/politica-de-cookies\/"]}]},{"@type":"BreadcrumbList","@id":"https:\/\/www.aspsourcing.com\/es\/politica-de-cookies\/#breadcrumb","itemListElement":[{"@type":"ListItem","position":1,"name":"Portada","item":"https:\/\/www.aspsourcing.com\/es\/home\/"},{"@type":"ListItem","position":2,"name":"Pol\u00edtica de cookies"}]},{"@type":"WebSite","@id":"https:\/\/www.aspsourcing.com\/es\/#website","url":"https:\/\/www.aspsourcing.com\/es\/","name":"ASP Sourcing - Acc\u00e9dez \u00e0 vos applications en mode ASP","description":"","potentialAction":[{"@type":"SearchAction","target":{"@type":"EntryPoint","urlTemplate":"https:\/\/www.aspsourcing.com\/es\/?s={search_term_string}"},"query-input":{"@type":"PropertyValueSpecification","valueRequired":true,"valueName":"search_term_string"}}],"inLanguage":"es"}]}},"_links":{"self":[{"href":"https:\/\/www.aspsourcing.com\/es\/wp-json\/wp\/v2\/pages\/793","targetHints":{"allow":["GET"]}}],"collection":[{"href":"https:\/\/www.aspsourcing.com\/es\/wp-json\/wp\/v2\/pages"}],"about":[{"href":"https:\/\/www.aspsourcing.com\/es\/wp-json\/wp\/v2\/types\/page"}],"author":[{"embeddable":true,"href":"https:\/\/www.aspsourcing.com\/es\/wp-json\/wp\/v2\/users\/1"}],"replies":[{"embeddable":true,"href":"https:\/\/www.aspsourcing.com\/es\/wp-json\/wp\/v2\/comments?post=793"}],"version-history":[{"count":15,"href":"https:\/\/www.aspsourcing.com\/es\/wp-json\/wp\/v2\/pages\/793\/revisions"}],"predecessor-version":[{"id":855,"href":"https:\/\/www.aspsourcing.com\/es\/wp-json\/wp\/v2\/pages\/793\/revisions\/855"}],"wp:attachment":[{"href":"https:\/\/www.aspsourcing.com\/es\/wp-json\/wp\/v2\/media?parent=793"}],"curies":[{"name":"wp","href":"https:\/\/api.w.org\/{rel}","templated":true}]}}