{"id":801,"date":"2024-01-24T17:47:32","date_gmt":"2024-01-24T16:47:32","guid":{"rendered":"https:\/\/www.aspsourcing.com\/informacion-legal\/"},"modified":"2024-03-16T09:47:21","modified_gmt":"2024-03-16T08:47:21","slug":"informacion-legal","status":"publish","type":"page","link":"https:\/\/www.aspsourcing.com\/es\/informacion-legal\/","title":{"rendered":"Informaci\u00f3n legal"},"content":{"rendered":"\t\t<div data-elementor-type=\"wp-page\" data-elementor-id=\"801\" class=\"elementor elementor-801 elementor-16\" data-elementor-post-type=\"page\">\n\t\t\t\t<div class=\"elementor-element elementor-element-23a4dc e-flex e-con-boxed e-con e-parent\" data-id=\"23a4dc\" data-element_type=\"container\" data-e-type=\"container\" data-settings=\"{&quot;background_background&quot;:&quot;classic&quot;}\">\n\t\t\t\t\t<div class=\"e-con-inner\">\n\t\t<div class=\"elementor-element elementor-element-51985bdc e-con-full e-flex e-con e-child\" data-id=\"51985bdc\" data-element_type=\"container\" data-e-type=\"container\">\n\t\t\t\t<div class=\"elementor-element elementor-element-639b0ee2 elementor-widget elementor-widget-heading\" data-id=\"639b0ee2\" data-element_type=\"widget\" data-e-type=\"widget\" data-widget_type=\"heading.default\">\n\t\t\t\t<div class=\"elementor-widget-container\">\n\t\t\t\t\t<h1 class=\"elementor-heading-title elementor-size-default\">Informaci\u00f3n legal<\/h1>\t\t\t\t<\/div>\n\t\t\t\t<\/div>\n\t\t\t\t<\/div>\n\t\t\t\t\t<\/div>\n\t\t\t\t<\/div>\n\t\t<div class=\"elementor-element elementor-element-59121f05 e-flex e-con-boxed e-con e-parent\" data-id=\"59121f05\" data-element_type=\"container\" data-e-type=\"container\">\n\t\t\t\t\t<div class=\"e-con-inner\">\n\t\t<div class=\"elementor-element elementor-element-7280e4a7 e-con-full e-flex e-con e-child\" data-id=\"7280e4a7\" data-element_type=\"container\" data-e-type=\"container\">\n\t\t\t\t<div class=\"elementor-element elementor-element-962feef elementor-widget elementor-widget-text-editor\" data-id=\"962feef\" data-element_type=\"widget\" data-e-type=\"widget\" data-widget_type=\"text-editor.default\">\n\t\t\t\t<div class=\"elementor-widget-container\">\n\t\t\t\t\t\t\t\t\t<p><strong>Empresa<\/strong><\/p>\n<p>ASP SOURCING HOSTING SERVICES SLU<br \/>Capital social: 230.000,00 \u20ac<br \/>CIF: B-66876475<br \/>IVA Intracomunitario: ESB66876475<br \/>Registro Mercantil de Barcelona<br \/>Tomo 45612, Folio 116, Hoja B-493618<br \/>Registro en la seguridad social Francesa<br \/>URSSAF Francesa desde el 1er de enero del 2017<br \/>Registro Franc\u00e8s SIRET 824 772 263 00011<br \/>Certificaci\u00f3n RGPD : Conversia HFL Group<br \/>Aseguradora: AIG Europe Limited<\/p>\n<p><strong>Sede social:<\/strong><\/p>\n<p>Paseo de la Castellana, 91, 4\u00ba-1\u00aa<br \/>28046 Madrid<br \/>Espa\u00f1a<\/p>\n<p><strong>Datacenter 1: COLT Paris 2<\/strong><\/p>\n<p>Certificaciones : Tier 3, ISO 14001, ISO 27001 et ISO 9001<br \/>15, avenue du Cap Horn<br \/>91940 Les Ulis (Essonne)<br \/>France<\/p>\n<p><strong>Datacenter 2: INTERXION Paris 6<\/strong><\/p>\n<p>Certificaciones : ISO 22301, ISO 27001 et HDS<br \/>11-15, rue Galil\u00e9e<br \/>94200 Ivry-sur-Seine (Val-de-Marne)<br \/>France<\/p>\n<p>T. France : +33 (0)1 73 23 00 20<br \/>F. France : +33 (0)1 73 23 00 21<br \/>T. Madrid : +34 91 787 47 57<br \/>F. Madrid : +34 91 787 47 58<br \/>T. Barcelona : +34 93 492 14 14<br \/>F. Barcelona : +34 93 492 14 15<\/p>\n<p><strong>Alojamiento de la web<br \/><\/strong><\/p>\n<div class=\"line-block\">\n<div class=\"line\"><strong>Gandi SAS<\/strong><\/div>\n<div class=\"line\">63, 65 Boulevard Massena<\/div>\n<div class=\"line\">75013 Paris<\/div>\n<div class=\"line\">France<\/div>\n<div class=\"line\">Tel : +33170377661<\/div>\n<\/div>\n<p><strong>Sitio web<\/strong><\/p>\n<p>Home: <a href=\"http:\/\/www.aspsourcing.com\/\">http:\/\/www.aspsourcing.com<\/a><br \/>Dise\u00f1o: <a href=\"https:\/\/xescopastor.com\/\" target=\"_blank\" rel=\"noopener\">Xesco Pastor<\/a><br \/>Creditos imagenes : <a href=\"https:\/\/www.shutterstock.com\/es\/\" target=\"_blank\" rel=\"noopener\">Shutterstock<\/a><\/p>\n<p>Responsable de la publicaci\u00f3n : Manuel JIMENEZ<\/p>\n<p>Este sitio web utiliza <a href=\"https:\/\/www.aspsourcing.com\/es\/politica-de-cookies\/\">cookies<\/a><\/p>\n<p><strong>Responsabilidades respecto al contenido<\/strong><\/p>\n<p>ASP Sourcing no da ninguna garant\u00eda en cuanto a la seguridad del sitio web ni en cuanto a eventuales virus o estafas a trav\u00e9s de internet. El visitante ser\u00e1 consciente del hecho que el uso de internet conlleva cierto riesgo. ASP Sourcing toma el m\u00e1ximo cuidado en la creaci\u00f3n y actualizaci\u00f3n de este sitio. Sin embargo, nunca se puede excluir la posibilidad que alguna informaci\u00f3n no sea ya conforme a la realidad. Les pedimos su comprensi\u00f3n al respecto. El usuario es consciente que la informaci\u00f3n, sobre todo en los productos y los servicios ofrecidos a la venta, es susceptible de ser modificada sin previo aviso. ASP Sourcing declina toda responsabilidad en cuanto al contenido del sitio web y de su utilizaci\u00f3n. En caso de los enlaces a sitios de terceros, ASP Sourcing no puede en ning\u00fan caso ser tomado como responsable del contenido y de la existencia de estos.<\/p>\n<p><strong>Protecci\u00f3n de datos<\/strong><\/p>\n<p><a href=\"https:\/\/www.aspsourcing.com\/es\/politica-de-confidencialidad\/\">Pol\u00edtica de confidencialidad<\/a><br \/><a href=\"https:\/\/www.aspsourcing.com\/downloads\/RGPD-Cert-2018.pdf\" target=\"_blank\" rel=\"noreferrer noopener\">Certificaci\u00f3n RGPD 2017-2018<\/a><br \/><a href=\"https:\/\/www.aspsourcing.com\/downloads\/RGPD-Cert-2019.pdf\" target=\"_blank\" rel=\"noreferrer noopener\">Certificaci\u00f3n RGPD 2018-2019<\/a><br \/><a href=\"https:\/\/www.aspsourcing.com\/downloads\/RGPD-Cert-2020.pdf\" target=\"_blank\" rel=\"noreferrer noopener\">Certificaci\u00f3n RGPD 2019-2020<\/a><\/p>\n<p><strong>Marcas<\/strong><\/p>\n<p>Todas las marcas citadas en este sitio son propiedad de las compa\u00f1\u00edas respectivas.<\/p>\n\t\t\t\t\t\t\t\t<\/div>\n\t\t\t\t<\/div>\n\t\t\t\t<\/div>\n\t\t\t\t\t<\/div>\n\t\t\t\t<\/div>\n\t\t\t\t<\/div>\n\t\t","protected":false},"excerpt":{"rendered":"<p>Empresa ASP SOURCING HOSTING SERVICES SLUCapital social: 230.000,00 \u20acCIF: B-66876475IVA Intracomunitario: ESB66876475Registro Mercantil de BarcelonaTomo 45612, Folio 116, Hoja B-493618Registro en la seguridad social FrancesaURSSAF Francesa desde el 1er de enero del 2017Registro Franc\u00e8s SIRET 824 772 263 00011Certificaci\u00f3n RGPD : Conversia HFL GroupAseguradora: AIG Europe Limited Sede social: Paseo de la Castellana, 91, 4\u00ba-1\u00aa28046 [&hellip;]<\/p>\n","protected":false},"author":1,"featured_media":0,"parent":0,"menu_order":0,"comment_status":"closed","ping_status":"closed","template":"","meta":{"footnotes":""},"class_list":["post-801","page","type-page","status-publish","hentry"],"yoast_head":"<!-- This site is optimized with the Yoast SEO plugin v27.5 - https:\/\/yoast.com\/product\/yoast-seo-wordpress\/ -->\n<title>Informaci\u00f3n legal - ASP Sourcing - Acc\u00e9dez \u00e0 vos applications en mode ASP<\/title>\n<meta name=\"description\" content=\"Empresa ASP SOURCING HOSTING SERVICES SLUCapital social: 230.000,00 \u20acCIF: B-66876475IVA Intracomunitario: ESB66876475Registro Mercantil de BarcelonaTomo\" \/>\n<meta name=\"robots\" content=\"noindex, nofollow\" \/>\n<meta property=\"og:locale\" content=\"es_ES\" \/>\n<meta property=\"og:type\" content=\"article\" \/>\n<meta property=\"og:title\" content=\"Informaci\u00f3n legal - ASP Sourcing - Acc\u00e9dez \u00e0 vos applications en mode ASP\" \/>\n<meta property=\"og:description\" content=\"Empresa ASP SOURCING HOSTING SERVICES SLUCapital social: 230.000,00 \u20acCIF: B-66876475IVA Intracomunitario: ESB66876475Registro Mercantil de BarcelonaTomo\" \/>\n<meta property=\"og:url\" content=\"https:\/\/www.aspsourcing.com\/es\/informacion-legal\/\" \/>\n<meta property=\"og:site_name\" content=\"ASP Sourcing - Acc\u00e9dez \u00e0 vos applications en mode ASP\" \/>\n<meta property=\"article:modified_time\" content=\"2024-03-16T08:47:21+00:00\" \/>\n<meta property=\"og:image\" content=\"https:\/\/www.aspsourcing.com\/wp-content\/uploads\/2024\/01\/asp-sourcing-logo.png\" \/>\n\t<meta property=\"og:image:width\" content=\"500\" \/>\n\t<meta property=\"og:image:height\" content=\"81\" \/>\n\t<meta property=\"og:image:type\" content=\"image\/png\" \/>\n<meta name=\"twitter:card\" content=\"summary_large_image\" \/>\n<meta name=\"twitter:label1\" content=\"Tiempo de lectura\" \/>\n\t<meta name=\"twitter:data1\" content=\"2 minutos\" \/>\n<script type=\"application\/ld+json\" class=\"yoast-schema-graph\">{\"@context\":\"https:\\\/\\\/schema.org\",\"@graph\":[{\"@type\":\"WebPage\",\"@id\":\"https:\\\/\\\/www.aspsourcing.com\\\/es\\\/informacion-legal\\\/\",\"url\":\"https:\\\/\\\/www.aspsourcing.com\\\/es\\\/informacion-legal\\\/\",\"name\":\"Informaci\u00f3n legal - ASP Sourcing - Acc\u00e9dez \u00e0 vos applications en mode ASP\",\"isPartOf\":{\"@id\":\"https:\\\/\\\/www.aspsourcing.com\\\/es\\\/#website\"},\"datePublished\":\"2024-01-24T16:47:32+00:00\",\"dateModified\":\"2024-03-16T08:47:21+00:00\",\"description\":\"Empresa ASP SOURCING HOSTING SERVICES SLUCapital social: 230.000,00 \u20acCIF: B-66876475IVA Intracomunitario: ESB66876475Registro Mercantil de BarcelonaTomo\",\"breadcrumb\":{\"@id\":\"https:\\\/\\\/www.aspsourcing.com\\\/es\\\/informacion-legal\\\/#breadcrumb\"},\"inLanguage\":\"es\",\"potentialAction\":[{\"@type\":\"ReadAction\",\"target\":[\"https:\\\/\\\/www.aspsourcing.com\\\/es\\\/informacion-legal\\\/\"]}]},{\"@type\":\"BreadcrumbList\",\"@id\":\"https:\\\/\\\/www.aspsourcing.com\\\/es\\\/informacion-legal\\\/#breadcrumb\",\"itemListElement\":[{\"@type\":\"ListItem\",\"position\":1,\"name\":\"Portada\",\"item\":\"https:\\\/\\\/www.aspsourcing.com\\\/es\\\/home\\\/\"},{\"@type\":\"ListItem\",\"position\":2,\"name\":\"Informaci\u00f3n legal\"}]},{\"@type\":\"WebSite\",\"@id\":\"https:\\\/\\\/www.aspsourcing.com\\\/es\\\/#website\",\"url\":\"https:\\\/\\\/www.aspsourcing.com\\\/es\\\/\",\"name\":\"ASP Sourcing - Acc\u00e9dez \u00e0 vos applications en mode ASP\",\"description\":\"\",\"potentialAction\":[{\"@type\":\"SearchAction\",\"target\":{\"@type\":\"EntryPoint\",\"urlTemplate\":\"https:\\\/\\\/www.aspsourcing.com\\\/es\\\/?s={search_term_string}\"},\"query-input\":{\"@type\":\"PropertyValueSpecification\",\"valueRequired\":true,\"valueName\":\"search_term_string\"}}],\"inLanguage\":\"es\"}]}<\/script>\n<!-- \/ Yoast SEO plugin. -->","yoast_head_json":{"title":"Informaci\u00f3n legal - ASP Sourcing - Acc\u00e9dez \u00e0 vos applications en mode ASP","description":"Empresa ASP SOURCING HOSTING SERVICES SLUCapital social: 230.000,00 \u20acCIF: B-66876475IVA Intracomunitario: ESB66876475Registro Mercantil de BarcelonaTomo","robots":{"index":"noindex","follow":"nofollow"},"og_locale":"es_ES","og_type":"article","og_title":"Informaci\u00f3n legal - ASP Sourcing - Acc\u00e9dez \u00e0 vos applications en mode ASP","og_description":"Empresa ASP SOURCING HOSTING SERVICES SLUCapital social: 230.000,00 \u20acCIF: B-66876475IVA Intracomunitario: ESB66876475Registro Mercantil de BarcelonaTomo","og_url":"https:\/\/www.aspsourcing.com\/es\/informacion-legal\/","og_site_name":"ASP Sourcing - Acc\u00e9dez \u00e0 vos applications en mode ASP","article_modified_time":"2024-03-16T08:47:21+00:00","og_image":[{"width":500,"height":81,"url":"https:\/\/www.aspsourcing.com\/wp-content\/uploads\/2024\/01\/asp-sourcing-logo.png","type":"image\/png"}],"twitter_card":"summary_large_image","twitter_misc":{"Tiempo de lectura":"2 minutos"},"schema":{"@context":"https:\/\/schema.org","@graph":[{"@type":"WebPage","@id":"https:\/\/www.aspsourcing.com\/es\/informacion-legal\/","url":"https:\/\/www.aspsourcing.com\/es\/informacion-legal\/","name":"Informaci\u00f3n legal - ASP Sourcing - Acc\u00e9dez \u00e0 vos applications en mode ASP","isPartOf":{"@id":"https:\/\/www.aspsourcing.com\/es\/#website"},"datePublished":"2024-01-24T16:47:32+00:00","dateModified":"2024-03-16T08:47:21+00:00","description":"Empresa ASP SOURCING HOSTING SERVICES SLUCapital social: 230.000,00 \u20acCIF: B-66876475IVA Intracomunitario: ESB66876475Registro Mercantil de BarcelonaTomo","breadcrumb":{"@id":"https:\/\/www.aspsourcing.com\/es\/informacion-legal\/#breadcrumb"},"inLanguage":"es","potentialAction":[{"@type":"ReadAction","target":["https:\/\/www.aspsourcing.com\/es\/informacion-legal\/"]}]},{"@type":"BreadcrumbList","@id":"https:\/\/www.aspsourcing.com\/es\/informacion-legal\/#breadcrumb","itemListElement":[{"@type":"ListItem","position":1,"name":"Portada","item":"https:\/\/www.aspsourcing.com\/es\/home\/"},{"@type":"ListItem","position":2,"name":"Informaci\u00f3n legal"}]},{"@type":"WebSite","@id":"https:\/\/www.aspsourcing.com\/es\/#website","url":"https:\/\/www.aspsourcing.com\/es\/","name":"ASP Sourcing - Acc\u00e9dez \u00e0 vos applications en mode ASP","description":"","potentialAction":[{"@type":"SearchAction","target":{"@type":"EntryPoint","urlTemplate":"https:\/\/www.aspsourcing.com\/es\/?s={search_term_string}"},"query-input":{"@type":"PropertyValueSpecification","valueRequired":true,"valueName":"search_term_string"}}],"inLanguage":"es"}]}},"_links":{"self":[{"href":"https:\/\/www.aspsourcing.com\/es\/wp-json\/wp\/v2\/pages\/801","targetHints":{"allow":["GET"]}}],"collection":[{"href":"https:\/\/www.aspsourcing.com\/es\/wp-json\/wp\/v2\/pages"}],"about":[{"href":"https:\/\/www.aspsourcing.com\/es\/wp-json\/wp\/v2\/types\/page"}],"author":[{"embeddable":true,"href":"https:\/\/www.aspsourcing.com\/es\/wp-json\/wp\/v2\/users\/1"}],"replies":[{"embeddable":true,"href":"https:\/\/www.aspsourcing.com\/es\/wp-json\/wp\/v2\/comments?post=801"}],"version-history":[{"count":11,"href":"https:\/\/www.aspsourcing.com\/es\/wp-json\/wp\/v2\/pages\/801\/revisions"}],"predecessor-version":[{"id":922,"href":"https:\/\/www.aspsourcing.com\/es\/wp-json\/wp\/v2\/pages\/801\/revisions\/922"}],"wp:attachment":[{"href":"https:\/\/www.aspsourcing.com\/es\/wp-json\/wp\/v2\/media?parent=801"}],"curies":[{"name":"wp","href":"https:\/\/api.w.org\/{rel}","templated":true}]}}